{"id":735,"date":"2018-01-22T14:31:08","date_gmt":"2018-01-22T14:31:08","guid":{"rendered":"https:\/\/avantigroupe.com\/about-us\/prix-et-distinctions\/"},"modified":"2025-02-06T13:24:45","modified_gmt":"2025-02-06T18:24:45","slug":"prix-et-distinctions","status":"publish","type":"page","link":"https:\/\/avantigroupe.com\/en\/about-us\/prix-et-distinctions\/","title":{"rendered":"Prix et distinctions"},"content":{"rendered":"<p>Depuis sa fondation, Avanti Groupe se distingue par la qualit\u00e9, la diversit\u00e9 et l\u2019originalit\u00e9 de ses productions. Ann\u00e9e apr\u00e8s ann\u00e9e, ses \u00e9missions sont prim\u00e9es tant ici qu\u2019\u00e0 l\u2019\u00e9tranger.<\/p>\n","protected":false},"excerpt":{"rendered":"<p>Depuis sa fondation, Avanti Groupe se distingue par la qualit\u00e9, la diversit\u00e9 et l\u2019originalit\u00e9 de ses productions. Ann\u00e9e apr\u00e8s ann\u00e9e,&#8230;<\/p>\n","protected":false},"author":2,"featured_media":0,"parent":702,"menu_order":0,"comment_status":"closed","ping_status":"closed","template":"pages\/prix.php","meta":{"footnotes":""},"class_list":["post-735","page","type-page","status-publish","hentry"],"yoast_head":"<!-- This site is optimized with the Yoast SEO plugin v24.8.1 - https:\/\/yoast.com\/wordpress\/plugins\/seo\/ -->\n<title>Prix et distinctions - Avanti Groupe<\/title>\n<meta name=\"description\" content=\"Avanti Groupe se distingue par la qualit\u00e9, la diversit\u00e9 et l\u2019originalit\u00e9 de ses productions qui ann\u00e9e apr\u00e8s ann\u00e9e,sont prim\u00e9es tant ici qu\u2019\u00e0 l\u2019\u00e9tranger.\" \/>\n<meta name=\"robots\" content=\"index, follow, max-snippet:-1, max-image-preview:large, max-video-preview:-1\" \/>\n<link rel=\"canonical\" href=\"https:\/\/avantigroupe.com\/en\/about-us\/prix-et-distinctions\/\" \/>\n<meta property=\"og:locale\" content=\"en_US\" \/>\n<meta property=\"og:type\" content=\"article\" \/>\n<meta property=\"og:title\" content=\"Prix et distinctions - Avanti Groupe\" \/>\n<meta property=\"og:description\" content=\"Avanti Groupe se distingue par la qualit\u00e9, la diversit\u00e9 et l\u2019originalit\u00e9 de ses productions qui ann\u00e9e apr\u00e8s ann\u00e9e,sont prim\u00e9es tant ici qu\u2019\u00e0 l\u2019\u00e9tranger.\" \/>\n<meta property=\"og:url\" content=\"https:\/\/avantigroupe.com\/en\/about-us\/prix-et-distinctions\/\" \/>\n<meta property=\"og:site_name\" content=\"Avanti Groupe\" \/>\n<meta property=\"article:publisher\" content=\"https:\/\/www.facebook.com\/avantigroupe\/\" \/>\n<meta property=\"article:modified_time\" content=\"2025-02-06T18:24:45+00:00\" \/>\n<meta name=\"twitter:card\" content=\"summary_large_image\" \/>\n<meta name=\"twitter:site\" content=\"@avantigroupe\" \/>\n<script type=\"application\/ld+json\" class=\"yoast-schema-graph\">{\"@context\":\"https:\/\/schema.org\",\"@graph\":[{\"@type\":\"WebPage\",\"@id\":\"https:\/\/avantigroupe.com\/en\/about-us\/prix-et-distinctions\/\",\"url\":\"https:\/\/avantigroupe.com\/en\/about-us\/prix-et-distinctions\/\",\"name\":\"Prix et distinctions - Avanti Groupe\",\"isPartOf\":{\"@id\":\"https:\/\/avantigroupe.com\/en\/#website\"},\"datePublished\":\"2018-01-22T14:31:08+00:00\",\"dateModified\":\"2025-02-06T18:24:45+00:00\",\"description\":\"Avanti Groupe se distingue par la qualit\u00e9, la diversit\u00e9 et l\u2019originalit\u00e9 de ses productions qui ann\u00e9e apr\u00e8s ann\u00e9e,sont prim\u00e9es tant ici qu\u2019\u00e0 l\u2019\u00e9tranger.\",\"breadcrumb\":{\"@id\":\"https:\/\/avantigroupe.com\/en\/about-us\/prix-et-distinctions\/#breadcrumb\"},\"inLanguage\":\"en-US\",\"potentialAction\":[{\"@type\":\"ReadAction\",\"target\":[\"https:\/\/avantigroupe.com\/en\/about-us\/prix-et-distinctions\/\"]}]},{\"@type\":\"BreadcrumbList\",\"@id\":\"https:\/\/avantigroupe.com\/en\/about-us\/prix-et-distinctions\/#breadcrumb\",\"itemListElement\":[{\"@type\":\"ListItem\",\"position\":1,\"name\":\"Home\",\"item\":\"https:\/\/avantigroupe.com\/en\/\"},{\"@type\":\"ListItem\",\"position\":2,\"name\":\"About Us\",\"item\":\"https:\/\/avantigroupe.com\/en\/a-propos\/\"},{\"@type\":\"ListItem\",\"position\":3,\"name\":\"Prix et distinctions\"}]},{\"@type\":\"WebSite\",\"@id\":\"https:\/\/avantigroupe.com\/en\/#website\",\"url\":\"https:\/\/avantigroupe.com\/en\/\",\"name\":\"Avanti Groupe\",\"description\":\"\",\"potentialAction\":[{\"@type\":\"SearchAction\",\"target\":{\"@type\":\"EntryPoint\",\"urlTemplate\":\"https:\/\/avantigroupe.com\/en\/?s={search_term_string}\"},\"query-input\":{\"@type\":\"PropertyValueSpecification\",\"valueRequired\":true,\"valueName\":\"search_term_string\"}}],\"inLanguage\":\"en-US\"}]}<\/script>\n<!-- \/ Yoast SEO plugin. -->","yoast_head_json":{"title":"Prix et distinctions - Avanti Groupe","description":"Avanti Groupe se distingue par la qualit\u00e9, la diversit\u00e9 et l\u2019originalit\u00e9 de ses productions qui ann\u00e9e apr\u00e8s ann\u00e9e,sont prim\u00e9es tant ici qu\u2019\u00e0 l\u2019\u00e9tranger.","robots":{"index":"index","follow":"follow","max-snippet":"max-snippet:-1","max-image-preview":"max-image-preview:large","max-video-preview":"max-video-preview:-1"},"canonical":"https:\/\/avantigroupe.com\/en\/about-us\/prix-et-distinctions\/","og_locale":"en_US","og_type":"article","og_title":"Prix et distinctions - Avanti Groupe","og_description":"Avanti Groupe se distingue par la qualit\u00e9, la diversit\u00e9 et l\u2019originalit\u00e9 de ses productions qui ann\u00e9e apr\u00e8s ann\u00e9e,sont prim\u00e9es tant ici qu\u2019\u00e0 l\u2019\u00e9tranger.","og_url":"https:\/\/avantigroupe.com\/en\/about-us\/prix-et-distinctions\/","og_site_name":"Avanti Groupe","article_publisher":"https:\/\/www.facebook.com\/avantigroupe\/","article_modified_time":"2025-02-06T18:24:45+00:00","twitter_card":"summary_large_image","twitter_site":"@avantigroupe","schema":{"@context":"https:\/\/schema.org","@graph":[{"@type":"WebPage","@id":"https:\/\/avantigroupe.com\/en\/about-us\/prix-et-distinctions\/","url":"https:\/\/avantigroupe.com\/en\/about-us\/prix-et-distinctions\/","name":"Prix et distinctions - Avanti Groupe","isPartOf":{"@id":"https:\/\/avantigroupe.com\/en\/#website"},"datePublished":"2018-01-22T14:31:08+00:00","dateModified":"2025-02-06T18:24:45+00:00","description":"Avanti Groupe se distingue par la qualit\u00e9, la diversit\u00e9 et l\u2019originalit\u00e9 de ses productions qui ann\u00e9e apr\u00e8s ann\u00e9e,sont prim\u00e9es tant ici qu\u2019\u00e0 l\u2019\u00e9tranger.","breadcrumb":{"@id":"https:\/\/avantigroupe.com\/en\/about-us\/prix-et-distinctions\/#breadcrumb"},"inLanguage":"en-US","potentialAction":[{"@type":"ReadAction","target":["https:\/\/avantigroupe.com\/en\/about-us\/prix-et-distinctions\/"]}]},{"@type":"BreadcrumbList","@id":"https:\/\/avantigroupe.com\/en\/about-us\/prix-et-distinctions\/#breadcrumb","itemListElement":[{"@type":"ListItem","position":1,"name":"Home","item":"https:\/\/avantigroupe.com\/en\/"},{"@type":"ListItem","position":2,"name":"About Us","item":"https:\/\/avantigroupe.com\/en\/a-propos\/"},{"@type":"ListItem","position":3,"name":"Prix et distinctions"}]},{"@type":"WebSite","@id":"https:\/\/avantigroupe.com\/en\/#website","url":"https:\/\/avantigroupe.com\/en\/","name":"Avanti Groupe","description":"","potentialAction":[{"@type":"SearchAction","target":{"@type":"EntryPoint","urlTemplate":"https:\/\/avantigroupe.com\/en\/?s={search_term_string}"},"query-input":{"@type":"PropertyValueSpecification","valueRequired":true,"valueName":"search_term_string"}}],"inLanguage":"en-US"}]}},"_links":{"self":[{"href":"https:\/\/avantigroupe.com\/en\/wp-json\/wp\/v2\/pages\/735","targetHints":{"allow":["GET"]}}],"collection":[{"href":"https:\/\/avantigroupe.com\/en\/wp-json\/wp\/v2\/pages"}],"about":[{"href":"https:\/\/avantigroupe.com\/en\/wp-json\/wp\/v2\/types\/page"}],"author":[{"embeddable":true,"href":"https:\/\/avantigroupe.com\/en\/wp-json\/wp\/v2\/users\/2"}],"replies":[{"embeddable":true,"href":"https:\/\/avantigroupe.com\/en\/wp-json\/wp\/v2\/comments?post=735"}],"version-history":[{"count":28,"href":"https:\/\/avantigroupe.com\/en\/wp-json\/wp\/v2\/pages\/735\/revisions"}],"predecessor-version":[{"id":7476,"href":"https:\/\/avantigroupe.com\/en\/wp-json\/wp\/v2\/pages\/735\/revisions\/7476"}],"up":[{"embeddable":true,"href":"https:\/\/avantigroupe.com\/en\/wp-json\/wp\/v2\/pages\/702"}],"wp:attachment":[{"href":"https:\/\/avantigroupe.com\/en\/wp-json\/wp\/v2\/media?parent=735"}],"curies":[{"name":"wp","href":"https:\/\/api.w.org\/{rel}","templated":true}]}}